{"id":35,"date":"2024-02-03T15:24:44","date_gmt":"2024-02-03T14:24:44","guid":{"rendered":"https:\/\/essenz-ettlingen.de\/?page_id=35"},"modified":"2026-04-27T21:27:17","modified_gmt":"2026-04-27T19:27:17","slug":"essenz-ettlingen","status":"publish","type":"page","link":"https:\/\/essenz-ettlingen.de\/","title":{"rendered":"Essenz Ettlingen"},"content":{"rendered":"\t\t<div data-elementor-type=\"wp-page\" data-elementor-id=\"35\" class=\"elementor elementor-35\">\n\t\t\t\t<div class=\"elementor-element elementor-element-30a11af e-con-full e-flex e-con e-parent\" data-id=\"30a11af\" data-element_type=\"container\" data-settings=\"{&quot;background_background&quot;:&quot;video&quot;,&quot;background_video_link&quot;:&quot;https:\\\/\\\/essenz-ettlingen.de\\\/wp-content\\\/uploads\\\/2024\\\/04\\\/Interioer_Stabilisiert.mp4&quot;,&quot;background_play_on_mobile&quot;:&quot;yes&quot;}\">\n\t\t<div class=\"elementor-background-video-container\">\n\t\t\t\t\t\t\t<video class=\"elementor-background-video-hosted\" autoplay muted playsinline loop><\/video>\n\t\t\t\t\t<\/div>\t\t<div class=\"elementor-element elementor-element-e7e691e elementor-invisible elementor-widget elementor-widget-image\" data-id=\"e7e691e\" data-element_type=\"widget\" data-settings=\"{&quot;_animation&quot;:&quot;zoomIn&quot;}\" data-widget_type=\"image.default\">\n\t\t\t\t<div class=\"elementor-widget-container\">\n\t\t\t\t\t\t\t\t\t\t\t\t\t\t\t<img decoding=\"async\" width=\"300\" height=\"98\" src=\"https:\/\/essenz-ettlingen.de\/wp-content\/uploads\/2024\/02\/ESSENZ-Logo.png\" class=\"attachment-full size-full wp-image-47\" alt=\"\" \/>\t\t\t\t\t\t\t\t\t\t\t\t\t\t\t<\/div>\n\t\t\t\t<\/div>\n\t\t\t\t<div class=\"elementor-element elementor-element-11c795e elementor-align-center elementor-invisible elementor-widget elementor-widget-button\" data-id=\"11c795e\" data-element_type=\"widget\" id=\"mehr\" data-settings=\"{&quot;_animation&quot;:&quot;fadeInUp&quot;}\" data-widget_type=\"button.default\">\n\t\t\t\t<div class=\"elementor-widget-container\">\n\t\t\t\t\t\t\t\t\t<div class=\"elementor-button-wrapper\">\n\t\t\t\t\t<a class=\"elementor-button elementor-button-link elementor-size-sm elementor-animation-pulse\" href=\"https:\/\/essenz-ettlingen.de\/?page_id=76\">\n\t\t\t\t\t\t<span class=\"elementor-button-content-wrapper\">\n\t\t\t\t\t\t\t\t\t<span class=\"elementor-button-text\">Jetzt reservieren<\/span>\n\t\t\t\t\t<\/span>\n\t\t\t\t\t<\/a>\n\t\t\t\t<\/div>\n\t\t\t\t\t\t\t\t<\/div>\n\t\t\t\t<\/div>\n\t\t\t\t<\/div>\n\t\t<div class=\"elementor-element elementor-element-2aaca1a e-flex e-con-boxed e-con e-parent\" data-id=\"2aaca1a\" data-element_type=\"container\">\n\t\t\t\t\t<div class=\"e-con-inner\">\n\t\t<div class=\"elementor-element elementor-element-640eca7 e-con-full e-flex e-con e-child\" data-id=\"640eca7\" data-element_type=\"container\">\n\t\t\t\t<div class=\"elementor-element elementor-element-1040b13 elementor-widget elementor-widget-text-editor\" data-id=\"1040b13\" data-element_type=\"widget\" data-widget_type=\"text-editor.default\">\n\t\t\t\t<div class=\"elementor-widget-container\">\n\t\t\t\t\t\t\t\t\t<p>Unser Anspruch geht \u00fcber das blo\u00dfe Restaurant hinaus. Essenz ist ein Ort der Leidenschaft und Gastfreundschaft. Unser engagiertes Team freut sich darauf, Sie mit einem erstklassigen Service zu verw\u00f6hnen. Wir nehmen uns die Zeit, auf Ihre Bed\u00fcrfnisse einzugehen, damit Ihr Besuch bei uns zu einem besonderen Ereignis wird. Tauchen Sie ein in die raffinierte Fusion aus Tradition und Innovation, die unsere K\u00fcche auszeichnet.<\/p>\t\t\t\t\t\t\t\t<\/div>\n\t\t\t\t<\/div>\n\t\t\t\t<\/div>\n\t\t<div class=\"elementor-element elementor-element-6c0fd68 e-con-full e-flex e-con e-child\" data-id=\"6c0fd68\" data-element_type=\"container\">\n\t\t\t\t<div class=\"elementor-element elementor-element-f2bbc58 elementor-widget elementor-widget-image\" data-id=\"f2bbc58\" data-element_type=\"widget\" data-widget_type=\"image.default\">\n\t\t\t\t<div class=\"elementor-widget-container\">\n\t\t\t\t\t\t\t\t\t\t\t\t\t\t\t<img fetchpriority=\"high\" decoding=\"async\" width=\"800\" height=\"533\" src=\"https:\/\/essenz-ettlingen.de\/wp-content\/uploads\/2024\/04\/DSCF0122-1024x682.jpg\" class=\"attachment-large size-large wp-image-207\" alt=\"\" srcset=\"https:\/\/essenz-ettlingen.de\/wp-content\/uploads\/2024\/04\/DSCF0122-1024x682.jpg 1024w, https:\/\/essenz-ettlingen.de\/wp-content\/uploads\/2024\/04\/DSCF0122-300x200.jpg 300w, https:\/\/essenz-ettlingen.de\/wp-content\/uploads\/2024\/04\/DSCF0122-768x512.jpg 768w, https:\/\/essenz-ettlingen.de\/wp-content\/uploads\/2024\/04\/DSCF0122-1536x1024.jpg 1536w, https:\/\/essenz-ettlingen.de\/wp-content\/uploads\/2024\/04\/DSCF0122.jpg 2000w\" sizes=\"(max-width: 800px) 100vw, 800px\" \/>\t\t\t\t\t\t\t\t\t\t\t\t\t\t\t<\/div>\n\t\t\t\t<\/div>\n\t\t\t\t<\/div>\n\t\t\t\t\t<\/div>\n\t\t\t\t<\/div>\n\t\t<div class=\"elementor-element elementor-element-baf5bea e-flex e-con-boxed e-con e-parent\" data-id=\"baf5bea\" data-element_type=\"container\">\n\t\t\t\t\t<div class=\"e-con-inner\">\n\t\t<div class=\"elementor-element elementor-element-24702e6 e-con-full e-flex e-con e-child\" data-id=\"24702e6\" data-element_type=\"container\">\n\t\t\t\t<div class=\"elementor-element elementor-element-9375425 elementor-widget elementor-widget-image\" data-id=\"9375425\" data-element_type=\"widget\" data-widget_type=\"image.default\">\n\t\t\t\t<div class=\"elementor-widget-container\">\n\t\t\t\t\t\t\t\t\t\t\t\t\t\t\t<img decoding=\"async\" width=\"800\" height=\"533\" src=\"https:\/\/essenz-ettlingen.de\/wp-content\/uploads\/2024\/04\/DSCF0093-1024x682.jpg\" class=\"attachment-large size-large wp-image-205\" alt=\"\" srcset=\"https:\/\/essenz-ettlingen.de\/wp-content\/uploads\/2024\/04\/DSCF0093-1024x682.jpg 1024w, https:\/\/essenz-ettlingen.de\/wp-content\/uploads\/2024\/04\/DSCF0093-300x200.jpg 300w, https:\/\/essenz-ettlingen.de\/wp-content\/uploads\/2024\/04\/DSCF0093-768x512.jpg 768w, https:\/\/essenz-ettlingen.de\/wp-content\/uploads\/2024\/04\/DSCF0093-1536x1024.jpg 1536w, https:\/\/essenz-ettlingen.de\/wp-content\/uploads\/2024\/04\/DSCF0093.jpg 2000w\" sizes=\"(max-width: 800px) 100vw, 800px\" \/>\t\t\t\t\t\t\t\t\t\t\t\t\t\t\t<\/div>\n\t\t\t\t<\/div>\n\t\t\t\t<\/div>\n\t\t<div class=\"elementor-element elementor-element-77baf86 e-con-full e-flex e-con e-child\" data-id=\"77baf86\" data-element_type=\"container\">\n\t\t\t\t<div class=\"elementor-element elementor-element-657c23f elementor-widget elementor-widget-text-editor\" data-id=\"657c23f\" data-element_type=\"widget\" data-widget_type=\"text-editor.default\">\n\t\t\t\t<div class=\"elementor-widget-container\">\n\t\t\t\t\t\t\t\t\t<p>Besuchen Sie Essenz und lassen Sie sich von unserem einzigartigen Ambiente und der Hingabe zur Kunst des Genie\u00dfens begeistern. Wir hei\u00dfen Sie herzlich willkommen und laden Sie ein, Ihre Sinne mit der Essenz des Genusses zu verf\u00fchren. M\u00f6chten Sie sicherstellen, dass Ihr Platz bei uns gesichert ist? Nutzen Sie den unten stehenden Button und schlie\u00dfen Sie jetzt Ihre Reservierung ab.<\/p>\t\t\t\t\t\t\t\t<\/div>\n\t\t\t\t<\/div>\n\t\t\t\t<\/div>\n\t\t\t\t\t<\/div>\n\t\t\t\t<\/div>\n\t\t\t\t<\/div>\n\t\t","protected":false},"excerpt":{"rendered":"<p>Jetzt reservieren Unser Anspruch geht \u00fcber das blo\u00dfe Restaurant hinaus. Essenz ist ein Ort der Leidenschaft und Gastfreundschaft. Unser engagiertes Team freut sich darauf, Sie mit einem erstklassigen Service zu verw\u00f6hnen. Wir nehmen uns die Zeit, auf Ihre Bed\u00fcrfnisse einzugehen, damit Ihr Besuch bei uns zu einem besonderen Ereignis wird. Tauchen Sie ein in die [&hellip;]<\/p>\n","protected":false},"author":1,"featured_media":0,"parent":0,"menu_order":0,"comment_status":"closed","ping_status":"closed","template":"elementor_canvas","meta":{"footnotes":""},"class_list":["post-35","page","type-page","status-publish","hentry"],"_links":{"self":[{"href":"https:\/\/essenz-ettlingen.de\/index.php?rest_route=\/wp\/v2\/pages\/35","targetHints":{"allow":["GET"]}}],"collection":[{"href":"https:\/\/essenz-ettlingen.de\/index.php?rest_route=\/wp\/v2\/pages"}],"about":[{"href":"https:\/\/essenz-ettlingen.de\/index.php?rest_route=\/wp\/v2\/types\/page"}],"author":[{"embeddable":true,"href":"https:\/\/essenz-ettlingen.de\/index.php?rest_route=\/wp\/v2\/users\/1"}],"replies":[{"embeddable":true,"href":"https:\/\/essenz-ettlingen.de\/index.php?rest_route=%2Fwp%2Fv2%2Fcomments&post=35"}],"version-history":[{"count":10,"href":"https:\/\/essenz-ettlingen.de\/index.php?rest_route=\/wp\/v2\/pages\/35\/revisions"}],"predecessor-version":[{"id":985,"href":"https:\/\/essenz-ettlingen.de\/index.php?rest_route=\/wp\/v2\/pages\/35\/revisions\/985"}],"wp:attachment":[{"href":"https:\/\/essenz-ettlingen.de\/index.php?rest_route=%2Fwp%2Fv2%2Fmedia&parent=35"}],"curies":[{"name":"wp","href":"https:\/\/api.w.org\/{rel}","templated":true}]}}